{"id":13633,"date":"2025-05-24T07:23:20","date_gmt":"2025-05-24T13:23:20","guid":{"rendered":"https:\/\/oyechicosv.com\/menu\/?post_type=product&#038;p=13633"},"modified":"2025-05-24T07:25:22","modified_gmt":"2025-05-24T13:25:22","slug":"tostadas-de-camaron","status":"publish","type":"product","link":"https:\/\/oyechicosv.com\/menu\/product\/tostadas-de-camaron\/","title":{"rendered":"Tostadas de camar\u00f3n"},"content":{"rendered":"","protected":false},"excerpt":{"rendered":"<p>tostada crujiente, pasta de aguacate y lim\u00f3n, camarones al ajillo, salsa chipotle, salsa de anguila y semillas de ajonjol\u00ed. (2 unidades)<\/p>\n","protected":false},"featured_media":13634,"template":"","meta":[],"product_cat":[119,158],"product_tag":[],"class_list":{"0":"post-13633","1":"product","2":"type-product","3":"status-publish","4":"has-post-thumbnail","6":"product_cat-entradas-pa-picar","7":"product_cat-nuevosplatos","9":"first","10":"instock","11":"shipping-taxable","12":"purchasable","13":"product-type-simple"},"_links":{"self":[{"href":"https:\/\/oyechicosv.com\/menu\/wp-json\/wp\/v2\/product\/13633","targetHints":{"allow":["GET"]}}],"collection":[{"href":"https:\/\/oyechicosv.com\/menu\/wp-json\/wp\/v2\/product"}],"about":[{"href":"https:\/\/oyechicosv.com\/menu\/wp-json\/wp\/v2\/types\/product"}],"wp:featuredmedia":[{"embeddable":true,"href":"https:\/\/oyechicosv.com\/menu\/wp-json\/wp\/v2\/media\/13634"}],"wp:attachment":[{"href":"https:\/\/oyechicosv.com\/menu\/wp-json\/wp\/v2\/media?parent=13633"}],"wp:term":[{"taxonomy":"product_cat","embeddable":true,"href":"https:\/\/oyechicosv.com\/menu\/wp-json\/wp\/v2\/product_cat?post=13633"},{"taxonomy":"product_tag","embeddable":true,"href":"https:\/\/oyechicosv.com\/menu\/wp-json\/wp\/v2\/product_tag?post=13633"}],"curies":[{"name":"wp","href":"https:\/\/api.w.org\/{rel}","templated":true}]}}