{"id":13642,"date":"2025-05-24T08:15:57","date_gmt":"2025-05-24T14:15:57","guid":{"rendered":"https:\/\/oyechicosv.com\/menu\/?post_type=product&#038;p=13642"},"modified":"2025-05-24T08:20:25","modified_gmt":"2025-05-24T14:20:25","slug":"sandwich-el-fidel-2","status":"publish","type":"product","link":"https:\/\/oyechicosv.com\/menu\/product\/sandwich-el-fidel-2\/","title":{"rendered":"S\u00e1ndwich El Fidel"},"content":{"rendered":"","protected":false},"excerpt":{"rendered":"<p>\u2022 Pan baguette, chicharr\u00f3n de tocino, cebolla caramelizada, queso mozzarella y salsa chipotle, acompa\u00f1ado de tostadas de pl\u00e1tano o cambia a papas fritas por +$0.50<\/p>\n","protected":false},"featured_media":13643,"template":"","meta":[],"product_cat":[175],"product_tag":[],"class_list":{"0":"post-13642","1":"product","2":"type-product","3":"status-publish","4":"has-post-thumbnail","6":"product_cat-sandwiches","8":"first","9":"instock","10":"shipping-taxable","11":"purchasable","12":"product-type-simple"},"_links":{"self":[{"href":"https:\/\/oyechicosv.com\/menu\/wp-json\/wp\/v2\/product\/13642","targetHints":{"allow":["GET"]}}],"collection":[{"href":"https:\/\/oyechicosv.com\/menu\/wp-json\/wp\/v2\/product"}],"about":[{"href":"https:\/\/oyechicosv.com\/menu\/wp-json\/wp\/v2\/types\/product"}],"wp:featuredmedia":[{"embeddable":true,"href":"https:\/\/oyechicosv.com\/menu\/wp-json\/wp\/v2\/media\/13643"}],"wp:attachment":[{"href":"https:\/\/oyechicosv.com\/menu\/wp-json\/wp\/v2\/media?parent=13642"}],"wp:term":[{"taxonomy":"product_cat","embeddable":true,"href":"https:\/\/oyechicosv.com\/menu\/wp-json\/wp\/v2\/product_cat?post=13642"},{"taxonomy":"product_tag","embeddable":true,"href":"https:\/\/oyechicosv.com\/menu\/wp-json\/wp\/v2\/product_tag?post=13642"}],"curies":[{"name":"wp","href":"https:\/\/api.w.org\/{rel}","templated":true}]}}