{"id":13674,"date":"2025-06-09T21:25:47","date_gmt":"2025-06-10T03:25:47","guid":{"rendered":"https:\/\/oyechicosv.com\/menu\/?post_type=product&#038;p=13674"},"modified":"2025-06-09T21:26:46","modified_gmt":"2025-06-10T03:26:46","slug":"derretido-de-queso","status":"publish","type":"product","link":"https:\/\/oyechicosv.com\/menu\/product\/derretido-de-queso\/","title":{"rendered":"Derretido de queso"},"content":{"rendered":"","protected":false},"excerpt":{"rendered":"<p>\u2022 Derretido de queso acompa\u00f1ados de papas fritas, incluye bebida a elegir: te helado, soda o limonada.(Exclusivo para ni\u00f1os menores de 10 a\u00f1os).<\/p>\n","protected":false},"featured_media":0,"template":"","meta":[],"product_cat":[187],"product_tag":[],"class_list":{"0":"post-13674","1":"product","2":"type-product","3":"status-publish","5":"product_cat-infantil","7":"first","8":"instock","9":"shipping-taxable","10":"purchasable","11":"product-type-simple"},"_links":{"self":[{"href":"https:\/\/oyechicosv.com\/menu\/wp-json\/wp\/v2\/product\/13674","targetHints":{"allow":["GET"]}}],"collection":[{"href":"https:\/\/oyechicosv.com\/menu\/wp-json\/wp\/v2\/product"}],"about":[{"href":"https:\/\/oyechicosv.com\/menu\/wp-json\/wp\/v2\/types\/product"}],"wp:attachment":[{"href":"https:\/\/oyechicosv.com\/menu\/wp-json\/wp\/v2\/media?parent=13674"}],"wp:term":[{"taxonomy":"product_cat","embeddable":true,"href":"https:\/\/oyechicosv.com\/menu\/wp-json\/wp\/v2\/product_cat?post=13674"},{"taxonomy":"product_tag","embeddable":true,"href":"https:\/\/oyechicosv.com\/menu\/wp-json\/wp\/v2\/product_tag?post=13674"}],"curies":[{"name":"wp","href":"https:\/\/api.w.org\/{rel}","templated":true}]}}