{"id":13679,"date":"2025-06-10T15:30:34","date_gmt":"2025-06-10T21:30:34","guid":{"rendered":"https:\/\/oyechicosv.com\/menu\/?post_type=product&#038;p=13679"},"modified":"2025-07-18T22:04:54","modified_gmt":"2025-07-19T04:04:54","slug":"trocitos-de-pollo","status":"publish","type":"product","link":"https:\/\/oyechicosv.com\/menu\/product\/trocitos-de-pollo\/","title":{"rendered":"Trocitos de pollo"},"content":{"rendered":"","protected":false},"excerpt":{"rendered":"<p>\u2022 Trocitos de pollo empanizados, acompa\u00f1ados de papas fritas, incluye bebida a elegir: te helado, soda o limonada.(Exclusivo para ni\u00f1os menores de 10 a\u00f1os).<\/p>\n","protected":false},"featured_media":0,"template":"","meta":[],"product_cat":[187],"product_tag":[],"class_list":{"0":"post-13679","1":"product","2":"type-product","3":"status-publish","5":"product_cat-infantil","7":"first","8":"instock","9":"shipping-taxable","10":"purchasable","11":"product-type-simple"},"_links":{"self":[{"href":"https:\/\/oyechicosv.com\/menu\/wp-json\/wp\/v2\/product\/13679","targetHints":{"allow":["GET"]}}],"collection":[{"href":"https:\/\/oyechicosv.com\/menu\/wp-json\/wp\/v2\/product"}],"about":[{"href":"https:\/\/oyechicosv.com\/menu\/wp-json\/wp\/v2\/types\/product"}],"wp:attachment":[{"href":"https:\/\/oyechicosv.com\/menu\/wp-json\/wp\/v2\/media?parent=13679"}],"wp:term":[{"taxonomy":"product_cat","embeddable":true,"href":"https:\/\/oyechicosv.com\/menu\/wp-json\/wp\/v2\/product_cat?post=13679"},{"taxonomy":"product_tag","embeddable":true,"href":"https:\/\/oyechicosv.com\/menu\/wp-json\/wp\/v2\/product_tag?post=13679"}],"curies":[{"name":"wp","href":"https:\/\/api.w.org\/{rel}","templated":true}]}}