{"id":1497,"date":"2020-04-17T18:30:27","date_gmt":"2020-04-18T00:30:27","guid":{"rendered":"http:\/\/tarufood.com\/?post_type=product&#038;p=1497"},"modified":"2025-05-24T08:08:34","modified_gmt":"2025-05-24T14:08:34","slug":"ay-mi-madre","status":"publish","type":"product","link":"https:\/\/oyechicosv.com\/menu\/product\/ay-mi-madre\/","title":{"rendered":"Ay mi madre"},"content":{"rendered":"","protected":false},"excerpt":{"rendered":"<p>Chicharr\u00f3n de cerdo (carnita crujiente por fuera y suave por dentro), acompa\u00f1ado de arroz congr\u00ed, salsa verde, cebolla curtida y 4 tostones o 2 tortillas fritas.<\/p>\n","protected":false},"featured_media":13639,"template":"","meta":[],"product_cat":[174],"product_tag":[],"class_list":{"0":"post-1497","1":"product","2":"type-product","3":"status-publish","4":"has-post-thumbnail","6":"product_cat-principales","8":"first","9":"instock","10":"shipping-taxable","11":"purchasable","12":"product-type-simple"},"_links":{"self":[{"href":"https:\/\/oyechicosv.com\/menu\/wp-json\/wp\/v2\/product\/1497","targetHints":{"allow":["GET"]}}],"collection":[{"href":"https:\/\/oyechicosv.com\/menu\/wp-json\/wp\/v2\/product"}],"about":[{"href":"https:\/\/oyechicosv.com\/menu\/wp-json\/wp\/v2\/types\/product"}],"wp:featuredmedia":[{"embeddable":true,"href":"https:\/\/oyechicosv.com\/menu\/wp-json\/wp\/v2\/media\/13639"}],"wp:attachment":[{"href":"https:\/\/oyechicosv.com\/menu\/wp-json\/wp\/v2\/media?parent=1497"}],"wp:term":[{"taxonomy":"product_cat","embeddable":true,"href":"https:\/\/oyechicosv.com\/menu\/wp-json\/wp\/v2\/product_cat?post=1497"},{"taxonomy":"product_tag","embeddable":true,"href":"https:\/\/oyechicosv.com\/menu\/wp-json\/wp\/v2\/product_tag?post=1497"}],"curies":[{"name":"wp","href":"https:\/\/api.w.org\/{rel}","templated":true}]}}