{"id":1499,"date":"2020-04-17T16:32:06","date_gmt":"2020-04-17T16:32:06","guid":{"rendered":"http:\/\/tarufood.com\/?post_type=product&#038;p=1499"},"modified":"2020-04-28T07:59:11","modified_gmt":"2020-04-28T07:59:11","slug":"2-sandwich-el-cubano-2-sodas","status":"publish","type":"product","link":"https:\/\/oyechicosv.com\/menu\/product\/2-sandwich-el-cubano-2-sodas\/","title":{"rendered":"2 S\u00e1ndwich El Cubano + 2 Sodas"},"content":{"rendered":"","protected":false},"excerpt":{"rendered":"<p>\u2022 Pan ciabatta, cerdo horneado, jam\u00f3n ahumado, queso mozzarella, honey mustard, cebolla sofrita, pepinillos y acompa\u00f1ado de mojo especial. 15 cent\u00edmetros.<\/p>\n","protected":false},"featured_media":0,"template":"","meta":[],"product_cat":[118],"product_tag":[],"class_list":{"0":"post-1499","1":"product","2":"type-product","3":"status-publish","5":"product_cat-promos-eatspeciales","7":"first","8":"instock","9":"shipping-taxable","10":"purchasable","11":"product-type-simple"},"_links":{"self":[{"href":"https:\/\/oyechicosv.com\/menu\/wp-json\/wp\/v2\/product\/1499","targetHints":{"allow":["GET"]}}],"collection":[{"href":"https:\/\/oyechicosv.com\/menu\/wp-json\/wp\/v2\/product"}],"about":[{"href":"https:\/\/oyechicosv.com\/menu\/wp-json\/wp\/v2\/types\/product"}],"wp:attachment":[{"href":"https:\/\/oyechicosv.com\/menu\/wp-json\/wp\/v2\/media?parent=1499"}],"wp:term":[{"taxonomy":"product_cat","embeddable":true,"href":"https:\/\/oyechicosv.com\/menu\/wp-json\/wp\/v2\/product_cat?post=1499"},{"taxonomy":"product_tag","embeddable":true,"href":"https:\/\/oyechicosv.com\/menu\/wp-json\/wp\/v2\/product_tag?post=1499"}],"curies":[{"name":"wp","href":"https:\/\/api.w.org\/{rel}","templated":true}]}}