{"id":1500,"date":"2020-04-17T16:33:05","date_gmt":"2020-04-17T22:33:05","guid":{"rendered":"http:\/\/tarufood.com\/?post_type=product&#038;p=1500"},"modified":"2025-07-02T12:28:55","modified_gmt":"2025-07-02T18:28:55","slug":"chicharron-guajiro","status":"publish","type":"product","link":"https:\/\/oyechicosv.com\/menu\/product\/chicharron-guajiro\/","title":{"rendered":"Chicharr\u00f3n guajiro"},"content":{"rendered":"","protected":false},"excerpt":{"rendered":"<p>\u2022 Chicharr\u00f3n de panceta, acompa\u00f1ado de arroz congr\u00ed, salsa verde, cebolla curtida y 3 tostones o 2 tortillas fritas..<\/p>\n","protected":false},"featured_media":13641,"template":"","meta":[],"product_cat":[174],"product_tag":[],"class_list":{"0":"post-1500","1":"product","2":"type-product","3":"status-publish","4":"has-post-thumbnail","6":"product_cat-principales","8":"first","9":"instock","10":"shipping-taxable","11":"purchasable","12":"product-type-simple"},"_links":{"self":[{"href":"https:\/\/oyechicosv.com\/menu\/wp-json\/wp\/v2\/product\/1500","targetHints":{"allow":["GET"]}}],"collection":[{"href":"https:\/\/oyechicosv.com\/menu\/wp-json\/wp\/v2\/product"}],"about":[{"href":"https:\/\/oyechicosv.com\/menu\/wp-json\/wp\/v2\/types\/product"}],"wp:featuredmedia":[{"embeddable":true,"href":"https:\/\/oyechicosv.com\/menu\/wp-json\/wp\/v2\/media\/13641"}],"wp:attachment":[{"href":"https:\/\/oyechicosv.com\/menu\/wp-json\/wp\/v2\/media?parent=1500"}],"wp:term":[{"taxonomy":"product_cat","embeddable":true,"href":"https:\/\/oyechicosv.com\/menu\/wp-json\/wp\/v2\/product_cat?post=1500"},{"taxonomy":"product_tag","embeddable":true,"href":"https:\/\/oyechicosv.com\/menu\/wp-json\/wp\/v2\/product_tag?post=1500"}],"curies":[{"name":"wp","href":"https:\/\/api.w.org\/{rel}","templated":true}]}}