{"id":1533,"date":"2020-04-18T03:41:34","date_gmt":"2020-04-18T09:41:34","guid":{"rendered":"http:\/\/tarufood.com\/?post_type=product&#038;p=1533"},"modified":"2025-05-25T08:30:12","modified_gmt":"2025-05-25T14:30:12","slug":"sandwich-el-cubano","status":"publish","type":"product","link":"https:\/\/oyechicosv.com\/menu\/product\/sandwich-el-cubano\/","title":{"rendered":"S\u00e1ndwich el cubano"},"content":{"rendered":"","protected":false},"excerpt":{"rendered":"<p>\u2022 Pan baguette, cerdo horneado, jam\u00f3n ahumado, queso suizo, honey mustard, mostaza, cebolla sofrita, pepinillos. Acompa\u00f1ado de tostadas de pl\u00e1tano. (15cm).<\/p>\n","protected":false},"featured_media":13652,"template":"","meta":[],"product_cat":[175],"product_tag":[],"class_list":{"0":"post-1533","1":"product","2":"type-product","3":"status-publish","4":"has-post-thumbnail","6":"product_cat-sandwiches","8":"first","9":"instock","10":"shipping-taxable","11":"purchasable","12":"product-type-simple"},"_links":{"self":[{"href":"https:\/\/oyechicosv.com\/menu\/wp-json\/wp\/v2\/product\/1533","targetHints":{"allow":["GET"]}}],"collection":[{"href":"https:\/\/oyechicosv.com\/menu\/wp-json\/wp\/v2\/product"}],"about":[{"href":"https:\/\/oyechicosv.com\/menu\/wp-json\/wp\/v2\/types\/product"}],"wp:featuredmedia":[{"embeddable":true,"href":"https:\/\/oyechicosv.com\/menu\/wp-json\/wp\/v2\/media\/13652"}],"wp:attachment":[{"href":"https:\/\/oyechicosv.com\/menu\/wp-json\/wp\/v2\/media?parent=1533"}],"wp:term":[{"taxonomy":"product_cat","embeddable":true,"href":"https:\/\/oyechicosv.com\/menu\/wp-json\/wp\/v2\/product_cat?post=1533"},{"taxonomy":"product_tag","embeddable":true,"href":"https:\/\/oyechicosv.com\/menu\/wp-json\/wp\/v2\/product_tag?post=1533"}],"curies":[{"name":"wp","href":"https:\/\/api.w.org\/{rel}","templated":true}]}}