{"id":1551,"date":"2020-04-18T04:06:46","date_gmt":"2020-04-18T04:06:46","guid":{"rendered":"http:\/\/tarufood.com\/?post_type=product&#038;p=1551"},"modified":"2021-07-06T21:59:38","modified_gmt":"2021-07-07T03:59:38","slug":"cerdo-asado","status":"publish","type":"product","link":"https:\/\/oyechicosv.com\/menu\/product\/cerdo-asado\/","title":{"rendered":"Cerdo asado"},"content":{"rendered":"","protected":false},"excerpt":{"rendered":"<p>\u2022 Lomito de cerdo acompa\u00f1ado de mojo, arroz congr\u00ed, pl\u00e1tano frito, chirimol y 1 pan con ajo.<\/p>\n","protected":false},"featured_media":5858,"template":"","meta":[],"product_cat":[125],"product_tag":[],"class_list":{"0":"post-1551","1":"product","2":"type-product","3":"status-publish","4":"has-post-thumbnail","6":"product_cat-parrillada","8":"first","9":"instock","10":"shipping-taxable","11":"purchasable","12":"product-type-simple"},"_links":{"self":[{"href":"https:\/\/oyechicosv.com\/menu\/wp-json\/wp\/v2\/product\/1551","targetHints":{"allow":["GET"]}}],"collection":[{"href":"https:\/\/oyechicosv.com\/menu\/wp-json\/wp\/v2\/product"}],"about":[{"href":"https:\/\/oyechicosv.com\/menu\/wp-json\/wp\/v2\/types\/product"}],"wp:featuredmedia":[{"embeddable":true,"href":"https:\/\/oyechicosv.com\/menu\/wp-json\/wp\/v2\/media\/5858"}],"wp:attachment":[{"href":"https:\/\/oyechicosv.com\/menu\/wp-json\/wp\/v2\/media?parent=1551"}],"wp:term":[{"taxonomy":"product_cat","embeddable":true,"href":"https:\/\/oyechicosv.com\/menu\/wp-json\/wp\/v2\/product_cat?post=1551"},{"taxonomy":"product_tag","embeddable":true,"href":"https:\/\/oyechicosv.com\/menu\/wp-json\/wp\/v2\/product_tag?post=1551"}],"curies":[{"name":"wp","href":"https:\/\/api.w.org\/{rel}","templated":true}]}}