{"id":2297,"date":"2020-05-16T15:34:04","date_gmt":"2020-05-16T21:34:04","guid":{"rendered":"https:\/\/tarufood.com\/?post_type=product&#038;p=2297"},"modified":"2025-01-16T18:47:32","modified_gmt":"2025-01-17T00:47:32","slug":"oye-burrito","status":"publish","type":"product","link":"https:\/\/oyechicosv.com\/menu\/product\/oye-burrito\/","title":{"rendered":"Oye burrito Lomo de Res"},"content":{"rendered":"","protected":false},"excerpt":{"rendered":"<p>\u2022 Burrito de lomo asado, queso mozzarella, chirmol, arroz congr\u00ed, aguacate, ma\u00edz dulce y salsa chipotle. Acompa\u00f1ado de tostadas de pl\u00e1tano.<\/p>\n","protected":false},"featured_media":2335,"template":"","meta":[],"product_cat":[175],"product_tag":[],"class_list":{"0":"post-2297","1":"product","2":"type-product","3":"status-publish","4":"has-post-thumbnail","6":"product_cat-sandwiches","8":"first","9":"instock","10":"shipping-taxable","11":"purchasable","12":"product-type-simple"},"_links":{"self":[{"href":"https:\/\/oyechicosv.com\/menu\/wp-json\/wp\/v2\/product\/2297","targetHints":{"allow":["GET"]}}],"collection":[{"href":"https:\/\/oyechicosv.com\/menu\/wp-json\/wp\/v2\/product"}],"about":[{"href":"https:\/\/oyechicosv.com\/menu\/wp-json\/wp\/v2\/types\/product"}],"wp:featuredmedia":[{"embeddable":true,"href":"https:\/\/oyechicosv.com\/menu\/wp-json\/wp\/v2\/media\/2335"}],"wp:attachment":[{"href":"https:\/\/oyechicosv.com\/menu\/wp-json\/wp\/v2\/media?parent=2297"}],"wp:term":[{"taxonomy":"product_cat","embeddable":true,"href":"https:\/\/oyechicosv.com\/menu\/wp-json\/wp\/v2\/product_cat?post=2297"},{"taxonomy":"product_tag","embeddable":true,"href":"https:\/\/oyechicosv.com\/menu\/wp-json\/wp\/v2\/product_tag?post=2297"}],"curies":[{"name":"wp","href":"https:\/\/api.w.org\/{rel}","templated":true}]}}