{"id":5007,"date":"2020-09-26T15:29:30","date_gmt":"2020-09-26T21:29:30","guid":{"rendered":"https:\/\/tarufood.com\/?post_type=product&#038;p=5007"},"modified":"2025-09-03T22:31:12","modified_gmt":"2025-09-04T04:31:12","slug":"frozen","status":"publish","type":"product","link":"https:\/\/oyechicosv.com\/menu\/product\/frozen\/","title":{"rendered":"Frozen"},"content":{"rendered":"","protected":false},"excerpt":{"rendered":"<p>Copa de Frozen de tu sabor favorito elige Array\u00e1n, maracuya, tamarindo, mojito, fresa, pi\u00f1a colada horchata de man\u00ed y cebada.<\/p>\n","protected":false},"featured_media":11205,"template":"","meta":[],"product_cat":[130],"product_tag":[173,172],"class_list":{"0":"post-5007","1":"product","2":"type-product","3":"status-publish","4":"has-post-thumbnail","6":"product_cat-bebidas","7":"product_tag-escalon","8":"product_tag-skina","10":"first","11":"instock","12":"shipping-taxable","13":"purchasable","14":"product-type-simple"},"_links":{"self":[{"href":"https:\/\/oyechicosv.com\/menu\/wp-json\/wp\/v2\/product\/5007","targetHints":{"allow":["GET"]}}],"collection":[{"href":"https:\/\/oyechicosv.com\/menu\/wp-json\/wp\/v2\/product"}],"about":[{"href":"https:\/\/oyechicosv.com\/menu\/wp-json\/wp\/v2\/types\/product"}],"wp:featuredmedia":[{"embeddable":true,"href":"https:\/\/oyechicosv.com\/menu\/wp-json\/wp\/v2\/media\/11205"}],"wp:attachment":[{"href":"https:\/\/oyechicosv.com\/menu\/wp-json\/wp\/v2\/media?parent=5007"}],"wp:term":[{"taxonomy":"product_cat","embeddable":true,"href":"https:\/\/oyechicosv.com\/menu\/wp-json\/wp\/v2\/product_cat?post=5007"},{"taxonomy":"product_tag","embeddable":true,"href":"https:\/\/oyechicosv.com\/menu\/wp-json\/wp\/v2\/product_tag?post=5007"}],"curies":[{"name":"wp","href":"https:\/\/api.w.org\/{rel}","templated":true}]}}