{"id":6114,"date":"2021-02-10T08:40:12","date_gmt":"2021-02-10T14:40:12","guid":{"rendered":"https:\/\/tarufood.com\/?post_type=product&#038;p=6114"},"modified":"2025-02-03T13:01:38","modified_gmt":"2025-02-03T19:01:38","slug":"oye-burrito-lomo-y-camarones","status":"publish","type":"product","link":"https:\/\/oyechicosv.com\/menu\/product\/oye-burrito-lomo-y-camarones\/","title":{"rendered":"Oye burrito Lomo y Camarones"},"content":{"rendered":"","protected":false},"excerpt":{"rendered":"<p>Burrito de lomo asado y camarones al ajillo, queso mozzarella, chirmol, arroz congri, aguacate, ma\u00edz dulce y salsa chipotle. Acompa\u00f1ado de tostadas de pl\u00e1tano.<\/p>\n","protected":false},"featured_media":10487,"template":"","meta":[],"product_cat":[158,175],"product_tag":[],"class_list":{"0":"post-6114","1":"product","2":"type-product","3":"status-publish","4":"has-post-thumbnail","6":"product_cat-nuevosplatos","7":"product_cat-sandwiches","9":"first","10":"instock","11":"shipping-taxable","12":"purchasable","13":"product-type-simple"},"_links":{"self":[{"href":"https:\/\/oyechicosv.com\/menu\/wp-json\/wp\/v2\/product\/6114","targetHints":{"allow":["GET"]}}],"collection":[{"href":"https:\/\/oyechicosv.com\/menu\/wp-json\/wp\/v2\/product"}],"about":[{"href":"https:\/\/oyechicosv.com\/menu\/wp-json\/wp\/v2\/types\/product"}],"wp:featuredmedia":[{"embeddable":true,"href":"https:\/\/oyechicosv.com\/menu\/wp-json\/wp\/v2\/media\/10487"}],"wp:attachment":[{"href":"https:\/\/oyechicosv.com\/menu\/wp-json\/wp\/v2\/media?parent=6114"}],"wp:term":[{"taxonomy":"product_cat","embeddable":true,"href":"https:\/\/oyechicosv.com\/menu\/wp-json\/wp\/v2\/product_cat?post=6114"},{"taxonomy":"product_tag","embeddable":true,"href":"https:\/\/oyechicosv.com\/menu\/wp-json\/wp\/v2\/product_tag?post=6114"}],"curies":[{"name":"wp","href":"https:\/\/api.w.org\/{rel}","templated":true}]}}