{"id":7860,"date":"2021-12-06T22:23:19","date_gmt":"2021-12-07T04:23:19","guid":{"rendered":"https:\/\/tarufood.com\/?post_type=product&#038;p=7860"},"modified":"2021-12-06T22:45:38","modified_gmt":"2021-12-07T04:45:38","slug":"blueisland","status":"publish","type":"product","link":"https:\/\/oyechicosv.com\/menu\/product\/blueisland\/","title":{"rendered":"Blue island"},"content":{"rendered":"","protected":false},"excerpt":{"rendered":"<p>\u2022 vodka, lim\u00f3n, blue curacao y juego de pi\u00f1a; escarcha de ralladura de lim\u00f3n y granadina<\/p>\n","protected":false},"featured_media":7867,"template":"","meta":[],"product_cat":[178],"product_tag":[],"class_list":{"0":"post-7860","1":"product","2":"type-product","3":"status-publish","4":"has-post-thumbnail","6":"product_cat-especial-navideno","8":"first","9":"instock","10":"shipping-taxable","11":"purchasable","12":"product-type-simple"},"_links":{"self":[{"href":"https:\/\/oyechicosv.com\/menu\/wp-json\/wp\/v2\/product\/7860","targetHints":{"allow":["GET"]}}],"collection":[{"href":"https:\/\/oyechicosv.com\/menu\/wp-json\/wp\/v2\/product"}],"about":[{"href":"https:\/\/oyechicosv.com\/menu\/wp-json\/wp\/v2\/types\/product"}],"wp:featuredmedia":[{"embeddable":true,"href":"https:\/\/oyechicosv.com\/menu\/wp-json\/wp\/v2\/media\/7867"}],"wp:attachment":[{"href":"https:\/\/oyechicosv.com\/menu\/wp-json\/wp\/v2\/media?parent=7860"}],"wp:term":[{"taxonomy":"product_cat","embeddable":true,"href":"https:\/\/oyechicosv.com\/menu\/wp-json\/wp\/v2\/product_cat?post=7860"},{"taxonomy":"product_tag","embeddable":true,"href":"https:\/\/oyechicosv.com\/menu\/wp-json\/wp\/v2\/product_tag?post=7860"}],"curies":[{"name":"wp","href":"https:\/\/api.w.org\/{rel}","templated":true}]}}